{"id":59,"date":"2014-03-24T15:56:34","date_gmt":"2014-03-24T14:56:34","guid":{"rendered":"http:\/\/www.asociacionfreak.net\/wordpress\/?page_id=59"},"modified":"2017-10-20T13:41:35","modified_gmt":"2017-10-20T12:41:35","slug":"59-2","status":"publish","type":"page","link":"https:\/\/www.asociacionfreak.net\/wordpress\/59-2","title":{"rendered":"\u00bfPor qu\u00e9 hacerse socio?"},"content":{"rendered":"<p>Hacerse socio de Asociaci\u00f3n Freak es muy sencillo, y solo tiene un coste de\u00a0<strong>3\u20ac al a\u00f1o<\/strong>. \u00a0Pero, \u00bfpor qu\u00e9 hacerse socio?<\/p>\n<p>Porque con tu peque\u00f1a aportaci\u00f3n colaboras a que podemos permitirnos comprar el material necesario para la gesti\u00f3n de la asociaci\u00f3n, as\u00ed como la posibilidad de comprar buenos premios para los concursos y torneos.<\/p>\n<p>Pero eso no es todo, tambi\u00e9n conseguir\u00e1s ciertas ventajas:<\/p>\n<ul>\n<li>Descuento en nuestro merchandising<\/li>\n<li>Descuento en Norma y Sousa Comics. 10 % en figuras y 5% en lo dem\u00e1s.<\/li>\n<li>Posibilidad de proponer y organizar con nosotros ideas para eventos de ocio alternativo.<\/li>\n<\/ul>\n<p>Si quieres hacerte socio, contacta con nosotros y te informaremos.<\/p>\n","protected":false},"excerpt":{"rendered":"<p>Hacerse socio de Asociaci\u00f3n Freak es muy sencillo, y solo tiene un coste de\u00a03\u20ac al a\u00f1o. \u00a0Pero, \u00bfpor qu\u00e9 hacerse socio? Porque con tu peque\u00f1a aportaci\u00f3n colaboras a que podemos permitirnos comprar el material necesario para la gesti\u00f3n de la asociaci\u00f3n, as\u00ed como la posibilidad de comprar buenos premios para los concursos y torneos. Pero [&hellip;]<\/p>\n","protected":false},"author":1,"featured_media":0,"parent":0,"menu_order":0,"comment_status":"closed","ping_status":"open","template":"","meta":{"footnotes":""},"class_list":["post-59","page","type-page","status-publish","hentry"],"_links":{"self":[{"href":"https:\/\/www.asociacionfreak.net\/wordpress\/wp-json\/wp\/v2\/pages\/59","targetHints":{"allow":["GET"]}}],"collection":[{"href":"https:\/\/www.asociacionfreak.net\/wordpress\/wp-json\/wp\/v2\/pages"}],"about":[{"href":"https:\/\/www.asociacionfreak.net\/wordpress\/wp-json\/wp\/v2\/types\/page"}],"author":[{"embeddable":true,"href":"https:\/\/www.asociacionfreak.net\/wordpress\/wp-json\/wp\/v2\/users\/1"}],"replies":[{"embeddable":true,"href":"https:\/\/www.asociacionfreak.net\/wordpress\/wp-json\/wp\/v2\/comments?post=59"}],"version-history":[{"count":13,"href":"https:\/\/www.asociacionfreak.net\/wordpress\/wp-json\/wp\/v2\/pages\/59\/revisions"}],"predecessor-version":[{"id":744,"href":"https:\/\/www.asociacionfreak.net\/wordpress\/wp-json\/wp\/v2\/pages\/59\/revisions\/744"}],"wp:attachment":[{"href":"https:\/\/www.asociacionfreak.net\/wordpress\/wp-json\/wp\/v2\/media?parent=59"}],"curies":[{"name":"wp","href":"https:\/\/api.w.org\/{rel}","templated":true}]}}